{"id":18,"date":"2017-03-29T16:01:44","date_gmt":"2017-03-29T16:01:44","guid":{"rendered":"http:\/\/nomipay.aastiazaran.com\/?page_id=18"},"modified":"2020-03-06T00:42:15","modified_gmt":"2020-03-06T00:42:15","slug":"servicio","status":"publish","type":"page","link":"https:\/\/www.nomipay.com\/3.0\/?page_id=18","title":{"rendered":"Servicio"},"content":{"rendered":"<p>[vc_row full_width=&#8221;stretch_row_content&#8221; content_text_aligment=&#8221;&#8221; use_row_as_full_screen_section=&#8221;no&#8221; css=&#8221;.vc_custom_1490810555335{background-color: #f8f8f9 !important;}&#8221;][vc_column][vc_column_text]<\/p>\n<h1 style=\"text-align: center;\">\u00bfC\u00f3mo funciona Nomipay?<\/h1>\n<p>[\/vc_column_text][vc_single_image image=&#8221;214&#8243; img_size=&#8221;full&#8221; alignment=&#8221;center&#8221; css_animation=&#8221;fadeIn&#8221; css=&#8221;.vc_custom_1493860733675{margin-top: 30px !important;padding-bottom: 40px !important;}&#8221;][vc_row_inner content_text_aligment=&#8221;&#8221; css=&#8221;.vc_custom_1490810531430{padding-top: 30px !important;padding-bottom: 80px !important;background-color: #0f1d38 !important;}&#8221;][vc_column_inner width=&#8221;1\/4&#8243;][vc_column_text]<\/p>\n<h1 style=\"padding-left: 30px;\">Ventajas<br \/>\nNomipay.<\/h1>\n<p>[\/vc_column_text][\/vc_column_inner][vc_column_inner width=&#8221;1\/2&#8243;][vc_column_text]<\/p>\n<div class=\"page\" title=\"Page 4\">\n<div class=\"section\">\n<div class=\"layoutArea\">\n<div class=\"column\">\n<p style=\"padding-left: 30px;\"><span style=\"color: #ffffff;\"><br \/>\n<img loading=\"lazy\" decoding=\"async\" class=\"alignnone size-full wp-image-61\" src=\"http:\/\/www.nomipay.com\/3.0\/wp-content\/uploads\/2017\/03\/check.png\" alt=\"\" width=\"20\" height=\"20\" \/>\u00a0Soporte t\u00e9cnico<br \/>\n<img loading=\"lazy\" decoding=\"async\" class=\"alignnone size-full wp-image-61\" src=\"http:\/\/www.nomipay.com\/3.0\/wp-content\/uploads\/2017\/03\/check.png\" alt=\"\" width=\"20\" height=\"20\" \/>\u00a0Buz\u00f3n de Quejas<br \/>\n<img loading=\"lazy\" decoding=\"async\" class=\"alignnone size-full wp-image-61\" src=\"http:\/\/www.nomipay.com\/3.0\/wp-content\/uploads\/2017\/03\/check.png\" alt=\"\" width=\"20\" height=\"20\" \/>\u00a0Hospedaje y alta disponibilidad de la informaci\u00f3n<br \/>\n<img loading=\"lazy\" decoding=\"async\" class=\"alignnone size-full wp-image-61\" src=\"http:\/\/www.nomipay.com\/3.0\/wp-content\/uploads\/2017\/03\/check.png\" alt=\"\" width=\"20\" height=\"20\" \/>\u00a0Aplicaci\u00f3n de c\u00e1lculo de la capacidad de pago<br \/>\n<img loading=\"lazy\" decoding=\"async\" class=\"alignnone size-full wp-image-61\" src=\"http:\/\/www.nomipay.com\/3.0\/wp-content\/uploads\/2017\/03\/check.png\" alt=\"\" width=\"20\" height=\"20\" \/>Acceso individual a cada trabajador simplificando la informaci\u00f3n<br \/>\n<img loading=\"lazy\" decoding=\"async\" class=\"alignnone size-full wp-image-61\" src=\"http:\/\/www.nomipay.com\/3.0\/wp-content\/uploads\/2017\/03\/check.png\" alt=\"\" width=\"20\" height=\"20\" \/>Disponibilidad de la plataforma 24 x 7 los 365 d\u00edas del a\u00f1o<br \/>\n<img loading=\"lazy\" decoding=\"async\" class=\"alignnone size-full wp-image-61\" src=\"http:\/\/www.nomipay.com\/3.0\/wp-content\/uploads\/2017\/03\/check.png\" alt=\"\" width=\"20\" height=\"20\" \/> An\u00e1lisis de la informaci\u00f3n altamente especializada<\/span><\/p>\n<\/div>\n<\/div>\n<\/div>\n<\/div>\n<p>[\/vc_column_text][\/vc_column_inner][vc_column_inner width=&#8221;1\/4&#8243;][vc_single_image image=&#8221;62&#8243; alignment=&#8221;center&#8221;][\/vc_column_inner][\/vc_row_inner][\/vc_column][\/vc_row][vc_row full_width=&#8221;stretch_row_content&#8221; content_text_aligment=&#8221;&#8221; use_row_as_full_screen_section=&#8221;no&#8221; css=&#8221;.vc_custom_1490811221197{padding-top: 30px !important;padding-bottom: 50px !important;background-color: #f8f8f9 !important;}&#8221;][vc_column][vc_column_text]<\/p>\n<div class=\"page\" title=\"Page 4\">\n<div class=\"section\">\n<div class=\"layoutArea\">\n<div class=\"column\">\n<h1 style=\"text-align: center;\">Beneficios<\/h1>\n<\/div>\n<\/div>\n<\/div>\n<\/div>\n<p>[\/vc_column_text][vc_row_inner content_text_aligment=&#8221;&#8221;][vc_column_inner width=&#8221;1\/3&#8243;][vc_column_text css=&#8221;.vc_custom_1583455275232{padding-top: 30px !important;padding-right: 30px !important;padding-bottom: 30px !important;padding-left: 30px !important;}&#8221;]<\/p>\n<div class=\"page\" title=\"Page 4\">\n<div class=\"section\">\n<div class=\"layoutArea\">\n<div class=\"column\">\n<p style=\"text-align: center;\"><strong><span style=\"color: #4e7fff;\">Para el empleador<\/span><\/strong><\/p>\n<p><img loading=\"lazy\" decoding=\"async\" class=\"aligncenter wp-image-69\" src=\"https:\/\/www.nomipay.com\/3.0\/wp-content\/uploads\/2017\/03\/icono-1.png\" alt=\"\" width=\"50\" height=\"50\" \/><\/p>\n<p align=\"justify\">Automatizaci\u00f3n en el control de las prestaciones de los trabajadores, reduciendo as\u00ed la carga administrativa para el \u00e1rea de recursos humanos principalmente.<\/p>\n<p align=\"justify\">Control efectivo de la capacidad de pago de los trabajadores.<\/p>\n<p align=\"justify\">Reduce el nivel de sobreendeudamiento de los trabajadores.<\/p>\n<p align=\"justify\">Un solo punto de contacto donde se integran las operaciones.<\/p>\n<p align=\"justify\">Sin costo alguno.<\/p>\n<\/div>\n<\/div>\n<\/div>\n<\/div>\n<p>[\/vc_column_text][\/vc_column_inner][vc_column_inner width=&#8221;1\/3&#8243;][vc_column_text css=&#8221;.vc_custom_1583455305863{padding-top: 30px !important;padding-right: 30px !important;padding-bottom: 30px !important;padding-left: 30px !important;}&#8221;]<\/p>\n<div class=\"page\" title=\"Page 4\">\n<div class=\"section\">\n<div class=\"layoutArea\">\n<div class=\"column\">\n<p style=\"text-align: center;\"><strong><span style=\"color: #4e7fff;\">Para el\u00a0trabajador<\/span><\/strong><\/p>\n<div class=\"page\" title=\"Page 4\">\n<div class=\"section\">\n<div class=\"layoutArea\">\n<div class=\"column\">\n<p><img loading=\"lazy\" decoding=\"async\" class=\"aligncenter wp-image-70\" src=\"https:\/\/www.nomipay.com\/3.0\/wp-content\/uploads\/2017\/03\/icono-2.png\" alt=\"\" width=\"50\" height=\"50\" \/><\/p>\n<p>Simulaci\u00f3n de cr\u00e9dito.<\/p>\n<p>Seguridad en todas las consultas y transacciones.<\/p>\n<p>Consulta on line de la capacidad de pago.<\/p>\n<p>Reducci\u00f3n del nivel de endeudamiento.<\/p>\n<p>Atenci\u00f3n especializada.<\/p>\n<p>Control del margen para una mayor seguridad financiera.<\/p>\n<\/div>\n<\/div>\n<\/div>\n<\/div>\n<\/div>\n<\/div>\n<\/div>\n<\/div>\n<p>[\/vc_column_text][\/vc_column_inner][vc_column_inner width=&#8221;1\/3&#8243;][vc_column_text css=&#8221;.vc_custom_1583455323169{padding-top: 30px !important;padding-right: 30px !important;padding-bottom: 30px !important;padding-left: 30px !important;}&#8221;]<\/p>\n<div class=\"page\" title=\"Page 4\">\n<div class=\"section\">\n<div class=\"layoutArea\">\n<div class=\"column\">\n<p style=\"text-align: center;\"><strong><span style=\"color: #4e7fff;\">Para las prestadoras de servicios<\/span><\/strong><\/p>\n<div class=\"page\" title=\"Page 4\">\n<div class=\"section\">\n<div class=\"layoutArea\">\n<div class=\"column\">\n<div class=\"page\" title=\"Page 4\">\n<div class=\"section\">\n<div class=\"layoutArea\">\n<div class=\"column\">\n<p><img loading=\"lazy\" decoding=\"async\" class=\"aligncenter wp-image-71\" src=\"https:\/\/www.nomipay.com\/3.0\/wp-content\/uploads\/2017\/03\/icono-3.png\" alt=\"\" width=\"50\" height=\"50\" \/><\/p>\n<p>Reducci\u00f3n de cartera vencida.<\/p>\n<p>Mayor dinamismo en el flujo operativo.<\/p>\n<p>Aumento de ventas.<\/p>\n<p>Reducci\u00f3n de costo operativo.<\/p>\n<p>Evitar fraudes.<\/p>\n<p>M\u00f3dulo on line.<\/p>\n<\/div>\n<\/div>\n<\/div>\n<\/div>\n<\/div>\n<\/div>\n<\/div>\n<\/div>\n<\/div>\n<\/div>\n<\/div>\n<\/div>\n<p>[\/vc_column_text][\/vc_column_inner][\/vc_row_inner][\/vc_column][\/vc_row]<\/p>\n","protected":false},"excerpt":{"rendered":"<p>[vc_row full_width=&#8221;stretch_row_content&#8221; content_text_aligment=&#8221;&#8221; use_row_as_full_screen_section=&#8221;no&#8221; css=&#8221;.vc_custom_1490810555335{background-color: #f8f8f9 !important;}&#8221;][vc_column][vc_column_text] \u00bfC\u00f3mo funciona Nomipay? [\/vc_column_text][vc_single_image image=&#8221;214&#8243; img_size=&#8221;full&#8221; alignment=&#8221;center&#8221; css_animation=&#8221;fadeIn&#8221; css=&#8221;.vc_custom_1493860733675{margin-top: 30px !important;padding-bottom: 40px !important;}&#8221;][vc_row_inner content_text_aligment=&#8221;&#8221; css=&#8221;.vc_custom_1490810531430{padding-top: 30px !important;padding-bottom: 80px !important;background-color: #0f1d38 !important;}&#8221;][vc_column_inner width=&#8221;1\/4&#8243;][vc_column_text] Ventajas Nomipay. [\/vc_column_text][\/vc_column_inner][vc_column_inner width=&#8221;1\/2&#8243;][vc_column_text] \u00a0Soporte t\u00e9cnico \u00a0Buz\u00f3n de Quejas \u00a0Hospedaje y alta disponibilidad de la informaci\u00f3n [&hellip;]<\/p>\n","protected":false},"author":1,"featured_media":0,"parent":0,"menu_order":0,"comment_status":"closed","ping_status":"closed","template":"","meta":{"footnotes":""},"class_list":["post-18","page","type-page","status-publish","hentry"],"_links":{"self":[{"href":"https:\/\/www.nomipay.com\/3.0\/index.php?rest_route=\/wp\/v2\/pages\/18","targetHints":{"allow":["GET"]}}],"collection":[{"href":"https:\/\/www.nomipay.com\/3.0\/index.php?rest_route=\/wp\/v2\/pages"}],"about":[{"href":"https:\/\/www.nomipay.com\/3.0\/index.php?rest_route=\/wp\/v2\/types\/page"}],"author":[{"embeddable":true,"href":"https:\/\/www.nomipay.com\/3.0\/index.php?rest_route=\/wp\/v2\/users\/1"}],"replies":[{"embeddable":true,"href":"https:\/\/www.nomipay.com\/3.0\/index.php?rest_route=%2Fwp%2Fv2%2Fcomments&post=18"}],"version-history":[{"count":22,"href":"https:\/\/www.nomipay.com\/3.0\/index.php?rest_route=\/wp\/v2\/pages\/18\/revisions"}],"predecessor-version":[{"id":286,"href":"https:\/\/www.nomipay.com\/3.0\/index.php?rest_route=\/wp\/v2\/pages\/18\/revisions\/286"}],"wp:attachment":[{"href":"https:\/\/www.nomipay.com\/3.0\/index.php?rest_route=%2Fwp%2Fv2%2Fmedia&parent=18"}],"curies":[{"name":"wp","href":"https:\/\/api.w.org\/{rel}","templated":true}]}}