{"id":20,"date":"2017-03-29T16:02:00","date_gmt":"2017-03-29T16:02:00","guid":{"rendered":"http:\/\/nomipay.aastiazaran.com\/?page_id=20"},"modified":"2023-03-24T12:25:13","modified_gmt":"2023-03-24T18:25:13","slug":"contacto","status":"publish","type":"page","link":"https:\/\/www.nomipay.com\/3.0\/?page_id=20","title":{"rendered":"Contacto"},"content":{"rendered":"<p>[vc_row full_width=&#8221;stretch_row_content&#8221; content_text_aligment=&#8221;&#8221; use_row_as_full_screen_section=&#8221;no&#8221; css=&#8221;.vc_custom_1490811516729{padding-bottom: 60px !important;background-color: #f8f8f9 !important;}&#8221;][vc_column width=&#8221;2\/3&#8243; css=&#8221;.vc_custom_1490811687741{padding-right: 40px !important;padding-left: 40px !important;}&#8221;][vc_column_text]<span style=\"color: #4e7fff;\"><strong>CONTACTO<\/strong><\/span><\/p>\n<p>Estamos encantados de que quieras ponerte en contacto con nosotros.<\/p>\n<p>Si tienes alguna pregunta, comentario o sugerencia, no dudes en hac\u00e9rnosla llegar. Estamos comprometidos a ofrecer el mejor servicio posible a nuestros clientes y tu opini\u00f3n es muy importante para nosotros.<\/p>\n<p>Puedes contactarnos por tel\u00e9fono o correo electr\u00f3nico que est\u00e1 disponible del lado derecho de la p\u00e1gina.<\/p>\n<p>Gracias por tu inter\u00e9s y esperamos poder ayudarte pronto.[\/vc_column_text][\/vc_column][vc_column width=&#8221;1\/3&#8243;][vc_column_text css=&#8221;.vc_custom_1679682147279{padding-left: 40px !important;}&#8221;]<\/p>\n<div class=\"page\" title=\"Page 5\">\n<div class=\"section\">\n<div class=\"layoutArea\">\n<div class=\"column\">\n<p><span style=\"color: #4e7fff;\"><strong>INFORMACIO\u0301N<\/strong><\/span><\/p>\n<p>T. 55 5262 4408<\/p>\n<p><strong>ayuda@nomipay.com<\/strong><\/p>\n<\/div>\n<\/div>\n<\/div>\n<\/div>\n<p>[\/vc_column_text][\/vc_column][\/vc_row]<\/p>\n","protected":false},"excerpt":{"rendered":"<p>[vc_row full_width=&#8221;stretch_row_content&#8221; content_text_aligment=&#8221;&#8221; use_row_as_full_screen_section=&#8221;no&#8221; css=&#8221;.vc_custom_1490811516729{padding-bottom: 60px !important;background-color: #f8f8f9 !important;}&#8221;][vc_column width=&#8221;2\/3&#8243; css=&#8221;.vc_custom_1490811687741{padding-right: 40px !important;padding-left: 40px !important;}&#8221;][vc_column_text]CONTACTO Estamos encantados de que quieras ponerte en contacto con nosotros. Si tienes alguna pregunta, comentario o sugerencia, no dudes en hac\u00e9rnosla llegar. Estamos comprometidos a ofrecer el mejor servicio posible [&hellip;]<\/p>\n","protected":false},"author":1,"featured_media":0,"parent":0,"menu_order":0,"comment_status":"closed","ping_status":"closed","template":"","meta":{"footnotes":""},"class_list":["post-20","page","type-page","status-publish","hentry"],"_links":{"self":[{"href":"https:\/\/www.nomipay.com\/3.0\/index.php?rest_route=\/wp\/v2\/pages\/20","targetHints":{"allow":["GET"]}}],"collection":[{"href":"https:\/\/www.nomipay.com\/3.0\/index.php?rest_route=\/wp\/v2\/pages"}],"about":[{"href":"https:\/\/www.nomipay.com\/3.0\/index.php?rest_route=\/wp\/v2\/types\/page"}],"author":[{"embeddable":true,"href":"https:\/\/www.nomipay.com\/3.0\/index.php?rest_route=\/wp\/v2\/users\/1"}],"replies":[{"embeddable":true,"href":"https:\/\/www.nomipay.com\/3.0\/index.php?rest_route=%2Fwp%2Fv2%2Fcomments&post=20"}],"version-history":[{"count":13,"href":"https:\/\/www.nomipay.com\/3.0\/index.php?rest_route=\/wp\/v2\/pages\/20\/revisions"}],"predecessor-version":[{"id":335,"href":"https:\/\/www.nomipay.com\/3.0\/index.php?rest_route=\/wp\/v2\/pages\/20\/revisions\/335"}],"wp:attachment":[{"href":"https:\/\/www.nomipay.com\/3.0\/index.php?rest_route=%2Fwp%2Fv2%2Fmedia&parent=20"}],"curies":[{"name":"wp","href":"https:\/\/api.w.org\/{rel}","templated":true}]}}