{"id":42,"date":"2017-03-29T16:48:16","date_gmt":"2017-03-29T16:48:16","guid":{"rendered":"http:\/\/nomipay.aastiazaran.com\/?page_id=42"},"modified":"2017-04-28T15:02:14","modified_gmt":"2017-04-28T15:02:14","slug":"nomipay","status":"publish","type":"page","link":"https:\/\/www.nomipay.com\/3.0\/?page_id=42","title":{"rendered":"Nomipay"},"content":{"rendered":"<p>[vc_row full_width=&#8221;stretch_row_content_no_spaces&#8221; equal_height=&#8221;yes&#8221; content_placement=&#8221;middle&#8221; anchor=&#8221;nomipay&#8221; content_text_aligment=&#8221;&#8221; use_row_as_full_screen_section=&#8221;no&#8221;][vc_column width=&#8221;1\/2&#8243;][vc_single_image image=&#8221;45&#8243; img_size=&#8221;full&#8221; css_animation=&#8221;fadeIn&#8221;][\/vc_column][vc_column width=&#8221;1\/2&#8243; css=&#8221;.vc_custom_1490806577145{background-color: #f8f8f9 !important;}&#8221;][vc_column_text css=&#8221;.vc_custom_1493391496964{padding-top: 100px !important;padding-right: 100px !important;padding-bottom: 100px !important;padding-left: 100px !important;background-color: #f8f8f9 !important;}&#8221;]<\/p>\n<div class=\"page\" title=\"Page 2\">\n<div class=\"section\">\n<div class=\"layoutArea\">\n<div class=\"column\">\n<h1>Nomipay.<\/h1>\n<p align=\"justify\">Nomipay es una empresa mexicana de tecnolog\u00eda que opera en M\u00e9xico desde hace dos a\u00f1os, posicion\u00e1ndose como la mejor empresa en gesti\u00f3n de descuentos v\u00eda n\u00f3mina, teniendo como socio tecnol\u00f3gico a Facil Solu\u00e7oes con m\u00e1s de 11 a\u00f1os de experiencia en Brasil.<\/p>\n<p align=\"justify\">Nomipay es la plataforma m\u00e1s eficiente para integraci\u00f3n, an\u00e1lisis y mantenimiento de la informaci\u00f3n a trav\u00e9s de recursos tecnol\u00f3gicos. Brindando atenci\u00f3n personalizada de la m\u00e1s alta calidad a todos nuestros clientes.<\/p>\n<\/div>\n<\/div>\n<\/div>\n<\/div>\n<p>[\/vc_column_text][\/vc_column][\/vc_row][vc_row full_width=&#8221;stretch_row_content&#8221; equal_height=&#8221;yes&#8221; anchor=&#8221;misionvision&#8221; content_text_aligment=&#8221;&#8221; use_row_as_full_screen_section=&#8221;no&#8221; css=&#8221;.vc_custom_1490915204093{padding-bottom: 30px !important;background-color: #4e7fff !important;}&#8221;][vc_column width=&#8221;1\/2&#8243;][vc_column_text css=&#8221;.vc_custom_1493328104949{padding-top: 50px !important;padding-right: 50px !important;padding-bottom: 50px !important;padding-left: 50px !important;}&#8221;]<\/p>\n<div class=\"page\" title=\"Page 2\">\n<div class=\"section\">\n<div class=\"layoutArea\">\n<div class=\"column\">\n<p><span style=\"color: #ffffff;\"><strong>MISIO\u0301N<\/strong><\/span><\/p>\n<p align=\"justify\"><span style=\"color: #ffffff;\">Ser la empresa No. 1 de gestio\u0301n de descuentos por no\u0301mina en el pai\u0301s, protegiendo la economi\u0301a personal de los empleados del Gobierno, mejorando el dinamismo de los terceros no institucionales, transparentando y optimizando los procesos del Gobierno.<\/span><\/p>\n<\/div>\n<\/div>\n<\/div>\n<\/div>\n<p>[\/vc_column_text][\/vc_column][vc_column width=&#8221;1\/2&#8243;][vc_column_text css=&#8221;.vc_custom_1493328119243{padding-top: 50px !important;padding-right: 50px !important;padding-bottom: 50px !important;padding-left: 50px !important;}&#8221;]<\/p>\n<div class=\"page\" title=\"Page 2\">\n<div class=\"section\">\n<div class=\"layoutArea\">\n<div class=\"column\">\n<div class=\"page\" title=\"Page 2\">\n<div class=\"section\">\n<div class=\"layoutArea\">\n<div class=\"column\">\n<p><span style=\"color: #ffffff;\"><strong>VISIO\u0301N<\/strong><\/span><\/p>\n<p align=\"justify\"><span style=\"color: #ffffff;\">Transformar la forma en que las personas puedan tener acceso a cre\u0301ditos y servicios con mejores condiciones sin poner en riesgo su patrimonio, siempre utilizando tecnologi\u0301a y sin perder los valores fundamentales de empresa.<\/span><\/p>\n<\/div>\n<\/div>\n<\/div>\n<\/div>\n<\/div>\n<\/div>\n<\/div>\n<\/div>\n<p>[\/vc_column_text][\/vc_column][\/vc_row][vc_row full_width=&#8221;stretch_row_content&#8221; equal_height=&#8221;yes&#8221; anchor=&#8221;valores&#8221; content_text_aligment=&#8221;&#8221; use_row_as_full_screen_section=&#8221;no&#8221; css=&#8221;.vc_custom_1490915163504{padding-bottom: 25px !important;background-color: #e0e1e2 !important;}&#8221;][vc_column][vc_row_inner content_text_aligment=&#8221;&#8221; css=&#8221;.vc_custom_1490808050416{padding-top: 30px !important;}&#8221;][vc_column_inner][vc_column_text css=&#8221;.vc_custom_1490807403090{margin-left: 35px !important;}&#8221;]<\/p>\n<h1>Valores.<\/h1>\n<p>[\/vc_column_text][\/vc_column_inner][\/vc_row_inner][vc_row_inner content_text_aligment=&#8221;&#8221; css=&#8221;.vc_custom_1490808042521{border-bottom-width: 30px !important;}&#8221;][vc_column_inner width=&#8221;1\/3&#8243;][vc_column_text css=&#8221;.vc_custom_1493327850053{padding-top: 35px !important;padding-right: 35px !important;padding-bottom: 35px !important;padding-left: 35px !important;}&#8221;]<\/p>\n<div class=\"page\" title=\"Page 2\">\n<div class=\"section\">\n<div class=\"layoutArea\">\n<div class=\"column\">\n<p><span style=\"color: #4e7fff;\"><strong>Enfoque al cliente.<\/strong><\/span><\/p>\n<p align=\"justify\">El cliente es primero, y como primero se debe respetar, atender y cuidar. Ese es el lugar que siempre tiene que tener y hacer hasta lo imposible para que nos consideren sus socios comerciales. Para lograr esto se necesita tener integridad, honestidad, confianza y sobretodo respeto.<\/p>\n<\/div>\n<\/div>\n<\/div>\n<\/div>\n<p>[\/vc_column_text][\/vc_column_inner][vc_column_inner width=&#8221;1\/3&#8243;][vc_column_text css=&#8221;.vc_custom_1493327956955{padding-top: 35px !important;padding-right: 35px !important;padding-bottom: 35px !important;padding-left: 35px !important;}&#8221;]<\/p>\n<div class=\"page\" title=\"Page 2\">\n<div class=\"section\">\n<div class=\"layoutArea\">\n<div class=\"column\">\n<p><span style=\"color: #4e7fff;\"><strong>Enfoque\u00a0social.<\/strong><\/span><\/p>\n<div class=\"page\" title=\"Page 2\">\n<div class=\"section\">\n<div class=\"layoutArea\">\n<div class=\"column\">\n<p align=\"justify\">Nunca perder de vista que nuestro trabajo tiene un fin mayor al del propio Nomipay y como tal debemos de siempre proteger al que ma\u0301s apoyo necesita.<\/p>\n<\/div>\n<\/div>\n<\/div>\n<\/div>\n<\/div>\n<\/div>\n<\/div>\n<\/div>\n<p>[\/vc_column_text][\/vc_column_inner][vc_column_inner width=&#8221;1\/3&#8243;][vc_column_text css=&#8221;.vc_custom_1493327978744{padding-top: 35px !important;padding-right: 35px !important;padding-bottom: 35px !important;padding-left: 35px !important;}&#8221;]<\/p>\n<div class=\"page\" title=\"Page 2\">\n<div class=\"section\">\n<div class=\"layoutArea\">\n<div class=\"column\">\n<p><span style=\"color: #4e7fff;\"><strong>Amor por la camiseta.<\/strong><\/span><\/p>\n<div class=\"page\" title=\"Page 2\">\n<div class=\"section\">\n<div class=\"layoutArea\">\n<div class=\"column\">\n<p align=\"justify\">Pertenecer y ser testigo de Nomipay, el trabajo en equipo es fundamental para el e\u0301xito de una empresa. Fomentar el crecimiento con innovacio\u0301n, libertad, autocri\u0301tica y humildad.<\/p>\n<\/div>\n<\/div>\n<\/div>\n<\/div>\n<\/div>\n<\/div>\n<\/div>\n<\/div>\n<p>[\/vc_column_text][\/vc_column_inner][\/vc_row_inner][\/vc_column][\/vc_row][vc_row full_width=&#8221;stretch_row_content&#8221; equal_height=&#8221;yes&#8221; anchor=&#8221;actualmente&#8221; content_text_aligment=&#8221;&#8221; use_row_as_full_screen_section=&#8221;no&#8221; css=&#8221;.vc_custom_1490915176771{padding-top: 60px !important;padding-right: 30px !important;padding-bottom: 90px !important;padding-left: 30px !important;background-color: #0f1d38 !important;}&#8221;][vc_column width=&#8221;1\/3&#8243;][vc_single_image image=&#8221;48&#8243; alignment=&#8221;center&#8221; css=&#8221;.vc_custom_1490807837528{padding-top: 20px !important;padding-right: 20px !important;padding-bottom: 20px !important;padding-left: 20px !important;}&#8221;][\/vc_column][vc_column width=&#8221;2\/3&#8243; css=&#8221;.vc_custom_1490807873670{padding-bottom: 20px !important;}&#8221;][vc_column_text]<\/p>\n<div class=\"page\" title=\"Page 2\">\n<div class=\"section\">\n<div class=\"layoutArea\">\n<div class=\"column\">\n<h1>Actualmente<\/h1>\n<p><span style=\"color: #ffffff;\">\u00b7 Trabajamos con importantes entidades de Gobierno del pa\u00eds. <\/span><br \/>\n<span style=\"color: #ffffff;\">\u00b7 Se han visto beneficiados m\u00e1s de 500,000 empleados. <\/span><br \/>\n<span style=\"color: #ffffff;\">\u00b7 Trabajamos con m\u00e1s de 25 instituciones financieras.<\/span><br \/>\n<span style=\"color: #ffffff;\">\u00b7 Contamos con presencia en Brasil y M\u00e9xico. <\/span><\/p>\n<\/div>\n<\/div>\n<\/div>\n<\/div>\n<p>[\/vc_column_text][\/vc_column][\/vc_row]<\/p>\n","protected":false},"excerpt":{"rendered":"<p>[vc_row full_width=&#8221;stretch_row_content_no_spaces&#8221; equal_height=&#8221;yes&#8221; content_placement=&#8221;middle&#8221; anchor=&#8221;nomipay&#8221; content_text_aligment=&#8221;&#8221; use_row_as_full_screen_section=&#8221;no&#8221;][vc_column width=&#8221;1\/2&#8243;][vc_single_image image=&#8221;45&#8243; img_size=&#8221;full&#8221; css_animation=&#8221;fadeIn&#8221;][\/vc_column][vc_column width=&#8221;1\/2&#8243; css=&#8221;.vc_custom_1490806577145{background-color: #f8f8f9 !important;}&#8221;][vc_column_text css=&#8221;.vc_custom_1493391496964{padding-top: 100px !important;padding-right: 100px !important;padding-bottom: 100px !important;padding-left: 100px !important;background-color: #f8f8f9 !important;}&#8221;] Nomipay. Nomipay es una empresa mexicana de tecnolog\u00eda que opera en M\u00e9xico desde hace dos a\u00f1os, posicion\u00e1ndose como la [&hellip;]<\/p>\n","protected":false},"author":1,"featured_media":0,"parent":16,"menu_order":0,"comment_status":"closed","ping_status":"closed","template":"","meta":{"footnotes":""},"class_list":["post-42","page","type-page","status-publish","hentry"],"_links":{"self":[{"href":"https:\/\/www.nomipay.com\/3.0\/index.php?rest_route=\/wp\/v2\/pages\/42","targetHints":{"allow":["GET"]}}],"collection":[{"href":"https:\/\/www.nomipay.com\/3.0\/index.php?rest_route=\/wp\/v2\/pages"}],"about":[{"href":"https:\/\/www.nomipay.com\/3.0\/index.php?rest_route=\/wp\/v2\/types\/page"}],"author":[{"embeddable":true,"href":"https:\/\/www.nomipay.com\/3.0\/index.php?rest_route=\/wp\/v2\/users\/1"}],"replies":[{"embeddable":true,"href":"https:\/\/www.nomipay.com\/3.0\/index.php?rest_route=%2Fwp%2Fv2%2Fcomments&post=42"}],"version-history":[{"count":17,"href":"https:\/\/www.nomipay.com\/3.0\/index.php?rest_route=\/wp\/v2\/pages\/42\/revisions"}],"predecessor-version":[{"id":44,"href":"https:\/\/www.nomipay.com\/3.0\/index.php?rest_route=\/wp\/v2\/pages\/42\/revisions\/44"}],"up":[{"embeddable":true,"href":"https:\/\/www.nomipay.com\/3.0\/index.php?rest_route=\/wp\/v2\/pages\/16"}],"wp:attachment":[{"href":"https:\/\/www.nomipay.com\/3.0\/index.php?rest_route=%2Fwp%2Fv2%2Fmedia&parent=42"}],"curies":[{"name":"wp","href":"https:\/\/api.w.org\/{rel}","templated":true}]}}